{"id":164,"date":"2025-05-30T11:23:06","date_gmt":"2025-05-30T08:23:06","guid":{"rendered":"https:\/\/luotsitytot.partioscout.fi\/?page_id=164"},"modified":"2025-09-25T16:23:27","modified_gmt":"2025-09-25T13:23:27","slug":"contact-information","status":"publish","type":"page","link":"https:\/\/luotsitytot.partioscout.fi\/en\/contact-information\/","title":{"rendered":"Contact information"},"content":{"rendered":"\n\n<div class=\"block-content-with-sidebar full-width id-block\">\n\t<div class=\"container-lg\">\n\t\t<div class=\"row\">\n\t\t\t<div class=\"col d-none d-lg-block col-lg-4 col-xxl-3\">\n\t\t\t\t<ul class=\"sidebar-menu\">\n\n<li  class=\"menu-item menu-item-164\"><a href=\"https:\/\/luotsitytot.partioscout.fi\/en\/contact-information\/\" aria-current=\"page\">Contact information<\/a><\/li>\n<li  class=\"menu-item menu-item-162 current-menu-parent\"><a href=\"https:\/\/luotsitytot.partioscout.fi\/en\/current-news\/\">Current news<\/a><\/li>\n<li  class=\"menu-item menu-item-173\"><a href=\"https:\/\/luotsitytot.partioscout.fi\/en\/events\/\">Events<\/a><\/li>\n<li  class=\"menu-item menu-item-168\"><a href=\"https:\/\/luotsitytot.partioscout.fi\/en\/join\/\">For members<\/a><\/li>\n<li  class=\"menu-item menu-item-90\"><a href=\"https:\/\/luotsitytot.partioscout.fi\/en\/\">Front page<\/a><\/li>\n<li  class=\"menu-item menu-item-159\"><a href=\"https:\/\/luotsitytot.partioscout.fi\/en\/events-2\/\">Information about Luotsityt\u00f6t<\/a><\/li>\n<li  class=\"menu-item menu-item-45\"><a href=\"https:\/\/luotsitytot.partioscout.fi\/en\/mukaan-toimintaan\/\">Join<\/a><\/li><\/ul>\n\t\t\t<\/div>\n\t\t\t<div class=\"col col-12 col-lg-8 col-xxl-7 offset-xxl-1\">\t\n\t\t\t\t<div class=\"inner-blocks entry-content\">\n\t\t\t\t\t\t\t\t\t\t\t\n\n<h1 class=\"wp-block-heading\">Luotsitytt\u00f6 board 2025<\/h1>\n\n\n\n<p>Local Group Leader: Annamari \u201dAnsu\u201d K\u00e4ki<\/p>\n\n\n\n<p>Group Leader&#8217;s Assistant &amp; Programme Leader: Viivi Koskela<\/p>\n\n\n\n<p>Volunteer Leader: Heta Korvenranta<\/p>\n\n\n\n<p>The Leading Trio can be reached by e-mail at: \u201dfirst name.last name@partio.fi\u201d<\/p>\n\n\n\n<p>Secretary: Sari Pirtinaho<\/p>\n\n\n\n<p>Financial Manager: Iris Kivimies<\/p>\n\n\n\n<p>Communications Manager: Silja Suoknuuti<\/p>\n\n\n\n<p>Olivia Cammarano<\/p>\n\n\n\n<p>Saara \u00c4mm\u00e4l\u00e4<\/p>\n\n\n\n<h2 class=\"wp-block-heading\">Other important volunteer roles<\/h2>\n\n\n\n<p>Membership Registry Leader: Heta Korvenranta<\/p>\n\n\n\n<p>Safeguarding Adults: Noora Hiekkaranta &amp; Olivia Cammarano<\/p>\n\n\n\n<p>Meating Place Manager: Saara \u00c4mm\u00e4l\u00e4 &amp; Anna Enbuske<\/p>\n\n\n\n<p>Hut Hostess: Noora Hiekkaranta<\/p>\n\n\n\n<p>Equipment Manager: Jessica Holmqvist<\/p>\n\n\n\t\t\t\t\t\t\t\t\t<\/div>\n\t\t\t<\/div>\n\t\t<\/div>\n\t<\/div>\t\n\t\t\t\t\t<svg class=\"figure cross\" xmlns=\"http:\/\/www.w3.org\/2000\/svg\" width=\"107\" height=\"47.043\" viewBox=\"0 0 107 47.043\">\n\t\t    <g>\n\t\t        <path d=\"M29.916 6.541L23.349 0l-8.39 8.417L6.541 0 0 6.541l8.39 8.417L0 23.375l6.541 6.541 8.417-8.39 8.39 8.39 6.568-6.541-8.416-8.417z\" transform=\"rotate(-90 23.522 23.521) translate(17.127)\"\/>\n\t\t        <path d=\"M15.253 11.446A24.159 24.159 0 0 1 9.034 0L0 2.064a33.488 33.488 0 0 0 8.632 15.87l.08.08s.617.617 1.474 1.662l7.238-5.79c-1.099-1.341-1.93-2.198-2.171-2.44z\" transform=\"rotate(-90 23.522 23.521) translate(.429 60.519)\"\/>\n\t\t        <path d=\"M16.218 6.648L9.758 0A33.429 33.429 0 0 0 0 18.738l9.141 1.474a23.953 23.953 0 0 1 7.077-13.564z\" transform=\"rotate(-90 23.522 23.521) translate(0 30.828)\"\/>\n\t\t        <path d=\"M.161 3.163A21.712 21.712 0 0 1 1.5 10.481 19.441 19.441 0 0 1 0 17.907l8.578 3.538a28.792 28.792 0 0 0 2.2-10.964A30.739 30.739 0 0 0 8.873 0z\" transform=\"rotate(-90 23.522 23.521) translate(15.285 85.555)\"\/>\n\t\t    <\/g>\n\t\t<\/svg>\n\t\t\t<\/div>\n\n\n\n<p><\/p>\n","protected":false},"excerpt":{"rendered":"","protected":false},"author":412,"featured_media":0,"parent":0,"menu_order":0,"comment_status":"closed","ping_status":"closed","template":"","meta":{"_acf_changed":false,"footnotes":""},"class_list":["post-164","page","type-page","status-publish","hentry"],"acf":[],"yoast_head":"<!-- This site is optimized with the Yoast SEO plugin v27.1.1 - https:\/\/yoast.com\/product\/yoast-seo-wordpress\/ -->\n<title>Contact information - Lauttasaaren Luotsityt\u00f6t ry<\/title>\n<meta name=\"robots\" content=\"index, follow, max-snippet:-1, max-image-preview:large, max-video-preview:-1\" \/>\n<link rel=\"canonical\" href=\"https:\/\/luotsitytot.partioscout.fi\/en\/contact-information\/\" \/>\n<meta property=\"og:locale\" content=\"en_US\" \/>\n<meta property=\"og:type\" content=\"article\" \/>\n<meta property=\"og:title\" content=\"Contact information - Lauttasaaren Luotsityt\u00f6t ry\" \/>\n<meta property=\"og:url\" content=\"https:\/\/luotsitytot.partioscout.fi\/en\/contact-information\/\" \/>\n<meta property=\"og:site_name\" content=\"Lauttasaaren Luotsityt\u00f6t ry\" \/>\n<meta property=\"article:modified_time\" content=\"2025-09-25T13:23:27+00:00\" \/>\n<meta name=\"twitter:card\" content=\"summary_large_image\" \/>\n<meta name=\"twitter:label1\" content=\"Est. reading time\" \/>\n\t<meta name=\"twitter:data1\" content=\"2 minutes\" \/>\n<script type=\"application\/ld+json\" class=\"yoast-schema-graph\">{\"@context\":\"https:\/\/schema.org\",\"@graph\":[{\"@type\":\"WebPage\",\"@id\":\"https:\/\/luotsitytot.partioscout.fi\/en\/contact-information\/\",\"url\":\"https:\/\/luotsitytot.partioscout.fi\/en\/contact-information\/\",\"name\":\"Contact information - Lauttasaaren Luotsityt\u00f6t ry\",\"isPartOf\":{\"@id\":\"https:\/\/luotsitytot.partioscout.fi\/#website\"},\"datePublished\":\"2025-05-30T08:23:06+00:00\",\"dateModified\":\"2025-09-25T13:23:27+00:00\",\"breadcrumb\":{\"@id\":\"https:\/\/luotsitytot.partioscout.fi\/en\/contact-information\/#breadcrumb\"},\"inLanguage\":\"en-US\",\"potentialAction\":[{\"@type\":\"ReadAction\",\"target\":[\"https:\/\/luotsitytot.partioscout.fi\/en\/contact-information\/\"]}]},{\"@type\":\"BreadcrumbList\",\"@id\":\"https:\/\/luotsitytot.partioscout.fi\/en\/contact-information\/#breadcrumb\",\"itemListElement\":[{\"@type\":\"ListItem\",\"position\":1,\"name\":\"Etusivu\",\"item\":\"https:\/\/luotsitytot.partioscout.fi\/en\/\"},{\"@type\":\"ListItem\",\"position\":2,\"name\":\"Contact information\"}]},{\"@type\":\"WebSite\",\"@id\":\"https:\/\/luotsitytot.partioscout.fi\/#website\",\"url\":\"https:\/\/luotsitytot.partioscout.fi\/\",\"name\":\"Lauttasaaren Luotsityt\u00f6t ry\",\"description\":\"Partiolippukunta\",\"potentialAction\":[{\"@type\":\"SearchAction\",\"target\":{\"@type\":\"EntryPoint\",\"urlTemplate\":\"https:\/\/luotsitytot.partioscout.fi\/?s={search_term_string}\"},\"query-input\":{\"@type\":\"PropertyValueSpecification\",\"valueRequired\":true,\"valueName\":\"search_term_string\"}}],\"inLanguage\":\"en-US\"}]}<\/script>\n<!-- \/ Yoast SEO plugin. -->","yoast_head_json":{"title":"Contact information - Lauttasaaren Luotsityt\u00f6t ry","robots":{"index":"index","follow":"follow","max-snippet":"max-snippet:-1","max-image-preview":"max-image-preview:large","max-video-preview":"max-video-preview:-1"},"canonical":"https:\/\/luotsitytot.partioscout.fi\/en\/contact-information\/","og_locale":"en_US","og_type":"article","og_title":"Contact information - Lauttasaaren Luotsityt\u00f6t ry","og_url":"https:\/\/luotsitytot.partioscout.fi\/en\/contact-information\/","og_site_name":"Lauttasaaren Luotsityt\u00f6t ry","article_modified_time":"2025-09-25T13:23:27+00:00","twitter_card":"summary_large_image","twitter_misc":{"Est. reading time":"2 minutes"},"schema":{"@context":"https:\/\/schema.org","@graph":[{"@type":"WebPage","@id":"https:\/\/luotsitytot.partioscout.fi\/en\/contact-information\/","url":"https:\/\/luotsitytot.partioscout.fi\/en\/contact-information\/","name":"Contact information - Lauttasaaren Luotsityt\u00f6t ry","isPartOf":{"@id":"https:\/\/luotsitytot.partioscout.fi\/#website"},"datePublished":"2025-05-30T08:23:06+00:00","dateModified":"2025-09-25T13:23:27+00:00","breadcrumb":{"@id":"https:\/\/luotsitytot.partioscout.fi\/en\/contact-information\/#breadcrumb"},"inLanguage":"en-US","potentialAction":[{"@type":"ReadAction","target":["https:\/\/luotsitytot.partioscout.fi\/en\/contact-information\/"]}]},{"@type":"BreadcrumbList","@id":"https:\/\/luotsitytot.partioscout.fi\/en\/contact-information\/#breadcrumb","itemListElement":[{"@type":"ListItem","position":1,"name":"Etusivu","item":"https:\/\/luotsitytot.partioscout.fi\/en\/"},{"@type":"ListItem","position":2,"name":"Contact information"}]},{"@type":"WebSite","@id":"https:\/\/luotsitytot.partioscout.fi\/#website","url":"https:\/\/luotsitytot.partioscout.fi\/","name":"Lauttasaaren Luotsityt\u00f6t ry","description":"Partiolippukunta","potentialAction":[{"@type":"SearchAction","target":{"@type":"EntryPoint","urlTemplate":"https:\/\/luotsitytot.partioscout.fi\/?s={search_term_string}"},"query-input":{"@type":"PropertyValueSpecification","valueRequired":true,"valueName":"search_term_string"}}],"inLanguage":"en-US"}]}},"_links":{"self":[{"href":"https:\/\/luotsitytot.partioscout.fi\/en\/wp-json\/wp\/v2\/pages\/164","targetHints":{"allow":["GET"]}}],"collection":[{"href":"https:\/\/luotsitytot.partioscout.fi\/en\/wp-json\/wp\/v2\/pages"}],"about":[{"href":"https:\/\/luotsitytot.partioscout.fi\/en\/wp-json\/wp\/v2\/types\/page"}],"author":[{"embeddable":true,"href":"https:\/\/luotsitytot.partioscout.fi\/en\/wp-json\/wp\/v2\/users\/412"}],"replies":[{"embeddable":true,"href":"https:\/\/luotsitytot.partioscout.fi\/en\/wp-json\/wp\/v2\/comments?post=164"}],"version-history":[{"count":2,"href":"https:\/\/luotsitytot.partioscout.fi\/en\/wp-json\/wp\/v2\/pages\/164\/revisions"}],"predecessor-version":[{"id":184,"href":"https:\/\/luotsitytot.partioscout.fi\/en\/wp-json\/wp\/v2\/pages\/164\/revisions\/184"}],"wp:attachment":[{"href":"https:\/\/luotsitytot.partioscout.fi\/en\/wp-json\/wp\/v2\/media?parent=164"}],"curies":[{"name":"wp","href":"https:\/\/api.w.org\/{rel}","templated":true}]}}