{"id":159,"date":"2025-05-30T11:23:06","date_gmt":"2025-05-30T08:23:06","guid":{"rendered":"https:\/\/luotsitytot.partioscout.fi\/?page_id=159"},"modified":"2025-10-05T17:56:59","modified_gmt":"2025-10-05T14:56:59","slug":"events-2","status":"publish","type":"page","link":"https:\/\/luotsitytot.partioscout.fi\/en\/events-2\/","title":{"rendered":"Information about Luotsityt\u00f6t"},"content":{"rendered":"\n\n<div class=\"block-content-with-sidebar full-width id-block\">\n\t<div class=\"container-lg\">\n\t\t<div class=\"row\">\n\t\t\t<div class=\"col d-none d-lg-block col-lg-4 col-xxl-3\">\n\t\t\t\t<ul class=\"sidebar-menu\">\n\n<li  class=\"menu-item menu-item-164\"><a href=\"https:\/\/luotsitytot.partioscout.fi\/en\/contact-information\/\">Contact information<\/a><\/li>\n<li  class=\"menu-item menu-item-162 current-menu-parent\"><a href=\"https:\/\/luotsitytot.partioscout.fi\/en\/current-news\/\">Current news<\/a><\/li>\n<li  class=\"menu-item menu-item-173\"><a href=\"https:\/\/luotsitytot.partioscout.fi\/en\/events\/\">Events<\/a><\/li>\n<li  class=\"menu-item menu-item-168\"><a href=\"https:\/\/luotsitytot.partioscout.fi\/en\/join\/\">For members<\/a><\/li>\n<li  class=\"menu-item menu-item-90\"><a href=\"https:\/\/luotsitytot.partioscout.fi\/en\/\">Front page<\/a><\/li>\n<li  class=\"menu-item menu-item-159\"><a href=\"https:\/\/luotsitytot.partioscout.fi\/en\/events-2\/\" aria-current=\"page\">Information about Luotsityt\u00f6t<\/a><\/li>\n<li  class=\"menu-item menu-item-45\"><a href=\"https:\/\/luotsitytot.partioscout.fi\/en\/mukaan-toimintaan\/\">Join<\/a><\/li><\/ul>\n\t\t\t<\/div>\n\t\t\t<div class=\"col col-12 col-lg-8 col-xxl-7 offset-xxl-1\">\t\n\t\t\t\t<div class=\"inner-blocks entry-content\">\n\t\t\t\t\t\t\t\t\t\t\t\n\n<h1 class=\"wp-block-heading\">Our meeting place (Kolo)<\/h1>\n\n\n\n<p>Our meeting place is situated at the basement of Lauttasaari Church (Myllykallionrinne 1, 00200 Helsinki). The entrance is located in the plinth of the church and it can be reached by walking through the Myllykallio playground. If accessible entrance is needed, feel free to contact us!<\/p>\n\n\n\n<div class=\"wp-block-buttons is-layout-flex wp-block-buttons-is-layout-flex\">\n<div class=\"wp-block-button\"><a class=\"wp-block-button__link wp-element-button\" href=\"https:\/\/maps.app.goo.gl\/QfXDHPVUSyqBiYQB9\">Exact location of the entrance<\/a><\/div>\n<\/div>\n\n\n\n<figure class=\"wp-block-image size-full\"><img decoding=\"async\" width=\"400\" height=\"400\" src=\"https:\/\/luotsitytot.partioscout.fi\/wp-content\/uploads\/sites\/170\/2025\/10\/Kolon-sisaankaynti-1.png\" alt=\"\" class=\"wp-image-260\" srcset=\"https:\/\/luotsitytot.partioscout.fi\/wp-content\/uploads\/sites\/170\/2025\/10\/Kolon-sisaankaynti-1.png 400w, https:\/\/luotsitytot.partioscout.fi\/wp-content\/uploads\/sites\/170\/2025\/10\/Kolon-sisaankaynti-1-300x300.png 300w, https:\/\/luotsitytot.partioscout.fi\/wp-content\/uploads\/sites\/170\/2025\/10\/Kolon-sisaankaynti-1-150x150.png 150w, https:\/\/luotsitytot.partioscout.fi\/wp-content\/uploads\/sites\/170\/2025\/10\/Kolon-sisaankaynti-1-352x352.png 352w\" sizes=\"(max-width: 400px) 85vw, 400px\" \/><\/figure>\n\n\n\t\t\t\t\t\t\t\t\t<\/div>\n\t\t\t<\/div>\n\t\t<\/div>\n\t<\/div>\t\n\t\t\t\t\t<svg class=\"figure cross\" xmlns=\"http:\/\/www.w3.org\/2000\/svg\" width=\"107\" height=\"47.043\" viewBox=\"0 0 107 47.043\">\n\t\t    <g>\n\t\t        <path d=\"M29.916 6.541L23.349 0l-8.39 8.417L6.541 0 0 6.541l8.39 8.417L0 23.375l6.541 6.541 8.417-8.39 8.39 8.39 6.568-6.541-8.416-8.417z\" transform=\"rotate(-90 23.522 23.521) translate(17.127)\"\/>\n\t\t        <path d=\"M15.253 11.446A24.159 24.159 0 0 1 9.034 0L0 2.064a33.488 33.488 0 0 0 8.632 15.87l.08.08s.617.617 1.474 1.662l7.238-5.79c-1.099-1.341-1.93-2.198-2.171-2.44z\" transform=\"rotate(-90 23.522 23.521) translate(.429 60.519)\"\/>\n\t\t        <path d=\"M16.218 6.648L9.758 0A33.429 33.429 0 0 0 0 18.738l9.141 1.474a23.953 23.953 0 0 1 7.077-13.564z\" transform=\"rotate(-90 23.522 23.521) translate(0 30.828)\"\/>\n\t\t        <path d=\"M.161 3.163A21.712 21.712 0 0 1 1.5 10.481 19.441 19.441 0 0 1 0 17.907l8.578 3.538a28.792 28.792 0 0 0 2.2-10.964A30.739 30.739 0 0 0 8.873 0z\" transform=\"rotate(-90 23.522 23.521) translate(15.285 85.555)\"\/>\n\t\t    <\/g>\n\t\t<\/svg>\n\t\t\t<\/div>\n\n\n\n<h2 class=\"wp-block-heading\">Our hut Meht\u00e4majakka<\/h2>\n\n\n\n<p>The Luotsitytt\u00f6 hut called Meht\u00e4majakka, more familiarly known as &#8220;Mehtis&#8221;, is located in Siuntio. The hut is a traditional wilderness cabin, as the cabin has no electricity or running water. In winter, Mehtis is heated by a stove and lit by traditional storm lanterns. The cabin is also rented out to outsiders for a fee, if you are interested in renting the cabin, please send an email to lauttasaaren.luotsitytot@gmail.com<\/p>\n\n\n\n<div data-wp-interactive=\"core\/file\" class=\"wp-block-file\"><object data-wp-bind--hidden=\"!state.hasPdfPreview\" hidden class=\"wp-block-file__embed\" data=\"https:\/\/luotsitytot.partioscout.fi\/wp-content\/uploads\/sites\/170\/2025\/09\/AJO-OHJEET-2.pdf\" type=\"application\/pdf\" style=\"width:100%;height:600px\" aria-label=\"Embed of Driving instructions.\"><\/object><a id=\"wp-block-file--media-21d0a93a-cb79-494d-a46e-7d7842524c62\" href=\"https:\/\/luotsitytot.partioscout.fi\/wp-content\/uploads\/sites\/170\/2025\/09\/AJO-OHJEET-2.pdf\">Driving instructions<\/a><a href=\"https:\/\/luotsitytot.partioscout.fi\/wp-content\/uploads\/sites\/170\/2025\/09\/AJO-OHJEET-2.pdf\" class=\"wp-block-file__button wp-element-button\" download aria-describedby=\"wp-block-file--media-21d0a93a-cb79-494d-a46e-7d7842524c62\">Lataa<\/a><\/div>\n","protected":false},"excerpt":{"rendered":"<p>Our hut Meht\u00e4majakka The Luotsitytt\u00f6 hut called Meht\u00e4majakka, more familiarly known as &#8220;Mehtis&#8221;, is located&hellip;<\/p>\n","protected":false},"author":412,"featured_media":0,"parent":0,"menu_order":0,"comment_status":"closed","ping_status":"closed","template":"","meta":{"_acf_changed":false,"footnotes":""},"class_list":["post-159","page","type-page","status-publish","hentry"],"acf":[],"yoast_head":"<!-- This site is optimized with the Yoast SEO plugin v27.1.1 - https:\/\/yoast.com\/product\/yoast-seo-wordpress\/ -->\n<title>Information about Luotsityt\u00f6t - Lauttasaaren Luotsityt\u00f6t ry<\/title>\n<meta name=\"robots\" content=\"index, follow, max-snippet:-1, max-image-preview:large, max-video-preview:-1\" \/>\n<link rel=\"canonical\" href=\"https:\/\/luotsitytot.partioscout.fi\/en\/events-2\/\" \/>\n<meta property=\"og:locale\" content=\"en_US\" \/>\n<meta property=\"og:type\" content=\"article\" \/>\n<meta property=\"og:title\" content=\"Information about Luotsityt\u00f6t - Lauttasaaren Luotsityt\u00f6t ry\" \/>\n<meta property=\"og:description\" content=\"Our hut Meht\u00e4majakka The Luotsitytt\u00f6 hut called Meht\u00e4majakka, more familiarly known as &#8220;Mehtis&#8221;, is located&hellip;\" \/>\n<meta property=\"og:url\" content=\"https:\/\/luotsitytot.partioscout.fi\/en\/events-2\/\" \/>\n<meta property=\"og:site_name\" content=\"Lauttasaaren Luotsityt\u00f6t ry\" \/>\n<meta property=\"article:modified_time\" content=\"2025-10-05T14:56:59+00:00\" \/>\n<meta property=\"og:image\" content=\"https:\/\/luotsitytot.partioscout.fi\/wp-content\/uploads\/sites\/170\/2025\/10\/Kolon-sisaankaynti-1.png\" \/>\n\t<meta property=\"og:image:width\" content=\"400\" \/>\n\t<meta property=\"og:image:height\" content=\"400\" \/>\n\t<meta property=\"og:image:type\" content=\"image\/png\" \/>\n<meta name=\"twitter:card\" content=\"summary_large_image\" \/>\n<meta name=\"twitter:label1\" content=\"Est. reading time\" \/>\n\t<meta name=\"twitter:data1\" content=\"2 minutes\" \/>\n<script type=\"application\/ld+json\" class=\"yoast-schema-graph\">{\"@context\":\"https:\/\/schema.org\",\"@graph\":[{\"@type\":\"WebPage\",\"@id\":\"https:\/\/luotsitytot.partioscout.fi\/en\/events-2\/\",\"url\":\"https:\/\/luotsitytot.partioscout.fi\/en\/events-2\/\",\"name\":\"Information about Luotsityt\u00f6t - Lauttasaaren Luotsityt\u00f6t ry\",\"isPartOf\":{\"@id\":\"https:\/\/luotsitytot.partioscout.fi\/#website\"},\"primaryImageOfPage\":{\"@id\":\"https:\/\/luotsitytot.partioscout.fi\/en\/events-2\/#primaryimage\"},\"image\":{\"@id\":\"https:\/\/luotsitytot.partioscout.fi\/en\/events-2\/#primaryimage\"},\"thumbnailUrl\":\"https:\/\/luotsitytot.partioscout.fi\/wp-content\/uploads\/sites\/170\/2025\/10\/Kolon-sisaankaynti-1.png\",\"datePublished\":\"2025-05-30T08:23:06+00:00\",\"dateModified\":\"2025-10-05T14:56:59+00:00\",\"breadcrumb\":{\"@id\":\"https:\/\/luotsitytot.partioscout.fi\/en\/events-2\/#breadcrumb\"},\"inLanguage\":\"en-US\",\"potentialAction\":[{\"@type\":\"ReadAction\",\"target\":[\"https:\/\/luotsitytot.partioscout.fi\/en\/events-2\/\"]}]},{\"@type\":\"ImageObject\",\"inLanguage\":\"en-US\",\"@id\":\"https:\/\/luotsitytot.partioscout.fi\/en\/events-2\/#primaryimage\",\"url\":\"https:\/\/luotsitytot.partioscout.fi\/wp-content\/uploads\/sites\/170\/2025\/10\/Kolon-sisaankaynti-1.png\",\"contentUrl\":\"https:\/\/luotsitytot.partioscout.fi\/wp-content\/uploads\/sites\/170\/2025\/10\/Kolon-sisaankaynti-1.png\"},{\"@type\":\"BreadcrumbList\",\"@id\":\"https:\/\/luotsitytot.partioscout.fi\/en\/events-2\/#breadcrumb\",\"itemListElement\":[{\"@type\":\"ListItem\",\"position\":1,\"name\":\"Etusivu\",\"item\":\"https:\/\/luotsitytot.partioscout.fi\/en\/\"},{\"@type\":\"ListItem\",\"position\":2,\"name\":\"Information about Luotsityt\u00f6t\"}]},{\"@type\":\"WebSite\",\"@id\":\"https:\/\/luotsitytot.partioscout.fi\/#website\",\"url\":\"https:\/\/luotsitytot.partioscout.fi\/\",\"name\":\"Lauttasaaren Luotsityt\u00f6t ry\",\"description\":\"Partiolippukunta\",\"potentialAction\":[{\"@type\":\"SearchAction\",\"target\":{\"@type\":\"EntryPoint\",\"urlTemplate\":\"https:\/\/luotsitytot.partioscout.fi\/?s={search_term_string}\"},\"query-input\":{\"@type\":\"PropertyValueSpecification\",\"valueRequired\":true,\"valueName\":\"search_term_string\"}}],\"inLanguage\":\"en-US\"}]}<\/script>\n<!-- \/ Yoast SEO plugin. -->","yoast_head_json":{"title":"Information about Luotsityt\u00f6t - Lauttasaaren Luotsityt\u00f6t ry","robots":{"index":"index","follow":"follow","max-snippet":"max-snippet:-1","max-image-preview":"max-image-preview:large","max-video-preview":"max-video-preview:-1"},"canonical":"https:\/\/luotsitytot.partioscout.fi\/en\/events-2\/","og_locale":"en_US","og_type":"article","og_title":"Information about Luotsityt\u00f6t - Lauttasaaren Luotsityt\u00f6t ry","og_description":"Our hut Meht\u00e4majakka The Luotsitytt\u00f6 hut called Meht\u00e4majakka, more familiarly known as &#8220;Mehtis&#8221;, is located&hellip;","og_url":"https:\/\/luotsitytot.partioscout.fi\/en\/events-2\/","og_site_name":"Lauttasaaren Luotsityt\u00f6t ry","article_modified_time":"2025-10-05T14:56:59+00:00","og_image":[{"width":400,"height":400,"url":"https:\/\/luotsitytot.partioscout.fi\/wp-content\/uploads\/sites\/170\/2025\/10\/Kolon-sisaankaynti-1.png","type":"image\/png"}],"twitter_card":"summary_large_image","twitter_misc":{"Est. reading time":"2 minutes"},"schema":{"@context":"https:\/\/schema.org","@graph":[{"@type":"WebPage","@id":"https:\/\/luotsitytot.partioscout.fi\/en\/events-2\/","url":"https:\/\/luotsitytot.partioscout.fi\/en\/events-2\/","name":"Information about Luotsityt\u00f6t - Lauttasaaren Luotsityt\u00f6t ry","isPartOf":{"@id":"https:\/\/luotsitytot.partioscout.fi\/#website"},"primaryImageOfPage":{"@id":"https:\/\/luotsitytot.partioscout.fi\/en\/events-2\/#primaryimage"},"image":{"@id":"https:\/\/luotsitytot.partioscout.fi\/en\/events-2\/#primaryimage"},"thumbnailUrl":"https:\/\/luotsitytot.partioscout.fi\/wp-content\/uploads\/sites\/170\/2025\/10\/Kolon-sisaankaynti-1.png","datePublished":"2025-05-30T08:23:06+00:00","dateModified":"2025-10-05T14:56:59+00:00","breadcrumb":{"@id":"https:\/\/luotsitytot.partioscout.fi\/en\/events-2\/#breadcrumb"},"inLanguage":"en-US","potentialAction":[{"@type":"ReadAction","target":["https:\/\/luotsitytot.partioscout.fi\/en\/events-2\/"]}]},{"@type":"ImageObject","inLanguage":"en-US","@id":"https:\/\/luotsitytot.partioscout.fi\/en\/events-2\/#primaryimage","url":"https:\/\/luotsitytot.partioscout.fi\/wp-content\/uploads\/sites\/170\/2025\/10\/Kolon-sisaankaynti-1.png","contentUrl":"https:\/\/luotsitytot.partioscout.fi\/wp-content\/uploads\/sites\/170\/2025\/10\/Kolon-sisaankaynti-1.png"},{"@type":"BreadcrumbList","@id":"https:\/\/luotsitytot.partioscout.fi\/en\/events-2\/#breadcrumb","itemListElement":[{"@type":"ListItem","position":1,"name":"Etusivu","item":"https:\/\/luotsitytot.partioscout.fi\/en\/"},{"@type":"ListItem","position":2,"name":"Information about Luotsityt\u00f6t"}]},{"@type":"WebSite","@id":"https:\/\/luotsitytot.partioscout.fi\/#website","url":"https:\/\/luotsitytot.partioscout.fi\/","name":"Lauttasaaren Luotsityt\u00f6t ry","description":"Partiolippukunta","potentialAction":[{"@type":"SearchAction","target":{"@type":"EntryPoint","urlTemplate":"https:\/\/luotsitytot.partioscout.fi\/?s={search_term_string}"},"query-input":{"@type":"PropertyValueSpecification","valueRequired":true,"valueName":"search_term_string"}}],"inLanguage":"en-US"}]}},"_links":{"self":[{"href":"https:\/\/luotsitytot.partioscout.fi\/en\/wp-json\/wp\/v2\/pages\/159","targetHints":{"allow":["GET"]}}],"collection":[{"href":"https:\/\/luotsitytot.partioscout.fi\/en\/wp-json\/wp\/v2\/pages"}],"about":[{"href":"https:\/\/luotsitytot.partioscout.fi\/en\/wp-json\/wp\/v2\/types\/page"}],"author":[{"embeddable":true,"href":"https:\/\/luotsitytot.partioscout.fi\/en\/wp-json\/wp\/v2\/users\/412"}],"replies":[{"embeddable":true,"href":"https:\/\/luotsitytot.partioscout.fi\/en\/wp-json\/wp\/v2\/comments?post=159"}],"version-history":[{"count":12,"href":"https:\/\/luotsitytot.partioscout.fi\/en\/wp-json\/wp\/v2\/pages\/159\/revisions"}],"predecessor-version":[{"id":262,"href":"https:\/\/luotsitytot.partioscout.fi\/en\/wp-json\/wp\/v2\/pages\/159\/revisions\/262"}],"wp:attachment":[{"href":"https:\/\/luotsitytot.partioscout.fi\/en\/wp-json\/wp\/v2\/media?parent=159"}],"curies":[{"name":"wp","href":"https:\/\/api.w.org\/{rel}","templated":true}]}}